{"id":1037,"date":"2022-04-27T10:06:36","date_gmt":"2022-04-27T10:06:36","guid":{"rendered":"https:\/\/themetechmount.com\/wordpress\/fablio\/demo4\/?page_id=1037"},"modified":"2024-11-05T05:15:07","modified_gmt":"2024-11-05T05:15:07","slug":"services-2","status":"publish","type":"page","link":"https:\/\/www.mehpaksan.com\/en\/services-2\/","title":{"rendered":"Our Products"},"content":{"rendered":"<div data-elementor-type=\"wp-page\" data-elementor-id=\"1037\" class=\"elementor elementor-1037\" data-elementor-settings=\"{&quot;element_pack_global_tooltip_width&quot;:{&quot;unit&quot;:&quot;px&quot;,&quot;size&quot;:&quot;&quot;,&quot;sizes&quot;:[]},&quot;element_pack_global_tooltip_width_tablet&quot;:{&quot;unit&quot;:&quot;px&quot;,&quot;size&quot;:&quot;&quot;,&quot;sizes&quot;:[]},&quot;element_pack_global_tooltip_width_mobile&quot;:{&quot;unit&quot;:&quot;px&quot;,&quot;size&quot;:&quot;&quot;,&quot;sizes&quot;:[]},&quot;element_pack_global_tooltip_padding&quot;:{&quot;unit&quot;:&quot;px&quot;,&quot;top&quot;:&quot;&quot;,&quot;right&quot;:&quot;&quot;,&quot;bottom&quot;:&quot;&quot;,&quot;left&quot;:&quot;&quot;,&quot;isLinked&quot;:true},&quot;element_pack_global_tooltip_padding_tablet&quot;:{&quot;unit&quot;:&quot;px&quot;,&quot;top&quot;:&quot;&quot;,&quot;right&quot;:&quot;&quot;,&quot;bottom&quot;:&quot;&quot;,&quot;left&quot;:&quot;&quot;,&quot;isLinked&quot;:true},&quot;element_pack_global_tooltip_padding_mobile&quot;:{&quot;unit&quot;:&quot;px&quot;,&quot;top&quot;:&quot;&quot;,&quot;right&quot;:&quot;&quot;,&quot;bottom&quot;:&quot;&quot;,&quot;left&quot;:&quot;&quot;,&quot;isLinked&quot;:true},&quot;element_pack_global_tooltip_border_radius&quot;:{&quot;unit&quot;:&quot;px&quot;,&quot;top&quot;:&quot;&quot;,&quot;right&quot;:&quot;&quot;,&quot;bottom&quot;:&quot;&quot;,&quot;left&quot;:&quot;&quot;,&quot;isLinked&quot;:true},&quot;element_pack_global_tooltip_border_radius_tablet&quot;:{&quot;unit&quot;:&quot;px&quot;,&quot;top&quot;:&quot;&quot;,&quot;right&quot;:&quot;&quot;,&quot;bottom&quot;:&quot;&quot;,&quot;left&quot;:&quot;&quot;,&quot;isLinked&quot;:true},&quot;element_pack_global_tooltip_border_radius_mobile&quot;:{&quot;unit&quot;:&quot;px&quot;,&quot;top&quot;:&quot;&quot;,&quot;right&quot;:&quot;&quot;,&quot;bottom&quot;:&quot;&quot;,&quot;left&quot;:&quot;&quot;,&quot;isLinked&quot;:true}}\">\n\t\t\t\t\t\t\t\t\t<section class=\"elementor-section elementor-top-section elementor-element elementor-element-27ffce6b tm-column-break-ipad-yes elementor-section-stretched tm-col-stretched-none elementor-section-boxed elementor-section-height-default elementor-section-height-default\" data-id=\"27ffce6b\" data-element_type=\"section\" data-settings=\"{&quot;stretch_section&quot;:&quot;section-stretched&quot;}\">\n\t\t\t\t\t\t<div class=\"elementor-container elementor-column-gap-default\">\n\t\t\t\t\t<div class=\"elementor-column elementor-col-100 elementor-top-column elementor-element elementor-element-14ce89ad\" data-id=\"14ce89ad\" data-element_type=\"column\">\n\t\t\t<div class=\"elementor-widget-wrap elementor-element-populated\">\n\t\t\t\t\t\t\t\t<div class=\"elementor-element elementor-element-06ceb4a tm-align-center elementor-widget elementor-widget-tm_service_element\" data-id=\"06ceb4a\" data-element_type=\"widget\" data-widget_type=\"tm_service_element.default\">\n\t\t\t\t<div class=\"elementor-widget-container\">\n\t\t\t\n\t\t<div class=\"themetechmount-boxes themetechmount-boxes-service themetechmount-element-servicebox-stylefour themetechmount-boxes-view-default themetechmount-boxes-col-three themetechmount-boxes-textalign-center themetechmount-boxes-spacing-30px\" data-tm-show=\"7\" data-tm-loop=\"1\" data-tm-autoplay=\"0\" data-tm-centermode=\"0\" data-tm-nav=\"\" data-tm-dots=\"\" data-tm-slidestoscroll=\"\" data-tm-autoplayspeed=\"4500\" data-tm-margin=\"30px\"><div class=\"themetechmount-boxes-inner\">\n\t\t\n\t\t\t<div class=\"themetechmount-box-heading-wrapper tm-boxwithout-heading\">\n\t\t\t\t<div class=\"tm-element-heading-content-wrapper center-align  tm-seperator-solid  tm-heading-style-vertical\"><div class=\"tm-content-header\"><h4 class=\"tm-element-subheading tm-custom-heading\">\n\t\t\t\t \n\t\t\t<\/h4>\n\t\t<div class=\"heading-seperator\"><span><\/span><\/div><\/div><\/div>\t\t\t\t\t\t\t<\/div>\n\n\t\t\t<div class=\"themetechmount-boxes-row-wrapper row multi-columns-row\">\n\n\t\t\t<div class=\"tm-box-col-wrapper  urunler col-lg-4 col-sm-6 col-md-4 col-xs-12\"><article class=\"themetechmount-box themetechmount-box-service themetechmount-servicebox-stylefour\">\n\t<div class=\"themetechmount-post-item\">\n\t\t<div class=\"themetechmount-box-bottom-content\">\t\n\t\t\t<div class=\"tm-featured-wrapper tm-tm_service-featured-wrapper\"><a href=\"https:\/\/www.mehpaksan.com\/en\/service\/k-642-karusel-tam-otomatik-paketleme-makinasi\/\"><img loading=\"lazy\" decoding=\"async\" width=\"768\" height=\"768\" src=\"https:\/\/www.mehpaksan.com\/wp-content\/uploads\/2023\/03\/k642-768x768.jpg\" class=\"attachment-medium_large size-medium_large wp-post-image\" alt=\"\" srcset=\"https:\/\/www.mehpaksan.com\/wp-content\/uploads\/2023\/03\/k642-768x768.jpg 768w, https:\/\/www.mehpaksan.com\/wp-content\/uploads\/2023\/03\/k642-300x300.jpg 300w, https:\/\/www.mehpaksan.com\/wp-content\/uploads\/2023\/03\/k642-1024x1024.jpg 1024w, https:\/\/www.mehpaksan.com\/wp-content\/uploads\/2023\/03\/k642-150x150.jpg 150w, https:\/\/www.mehpaksan.com\/wp-content\/uploads\/2023\/03\/k642.jpg 1080w\" sizes=\"(max-width: 768px) 100vw, 768px\" data-id=\"2628\" \/><\/a><\/div>\t\t\t<div class=\"tm-servicebox-detials\">\n\t\t\t\t<div class=\"tm-box-header\">\n\t\t\t\t\t<div class=\"themetechmount-box-title\"><h4><a href=\"https:\/\/www.mehpaksan.com\/en\/service\/k-642-karusel-tam-otomatik-paketleme-makinasi\/\">K 642 CAROUSEL FULL AUTOMAT\u0130C PACKAG\u0130NG MACH\u0130NE<\/a><\/h4><\/div>\t\t\t\t<\/div>\n\t\t\t\t<div class=\"themetechmount-box-desc\">\t\t\t\t\t\n\t\t\t\t\t\t<div class=\"tm-short-desc\">\n\t\t\t\t\t\t\t<p>K 642 CAROUSEL FULLY AUTOMATIC PACKAGING MACHINE Product Information Products to be packaged: Pulses, rice, granulated sugar, grains, salt Package Types: Standing Package, Pillow Package General Features: PLC controlled, touch-sensitive front panel Carousel is driven by servo motor Piston movements are with magnetic sensor Easy carousel container change Easy collar change Right and left adjustments of the packaging are made by reducer motor \u2026 <a href=\"https:\/\/www.mehpaksan.com\/en\/service\/k-642-karusel-tam-otomatik-paketleme-makinasi\/\" class=\"more-link\">Continue reading <span class=\"screen-reader-text\">K 642 CAROUSEL FULL AUTOMAT\u0130C PACKAG\u0130NG MACH\u0130NE<\/span><\/a><\/p>\n\t\t\t\t\t\t<\/div>\t\t\t\n\t\t\t\t<\/div> \n\t\t\t<\/div>\n\t\t<\/div>\n\t<\/div>\n<\/article><\/div><div class=\"tm-box-col-wrapper  urunler col-lg-4 col-sm-6 col-md-4 col-xs-12\"><article class=\"themetechmount-box themetechmount-box-service themetechmount-servicebox-stylefour\">\n\t<div class=\"themetechmount-post-item\">\n\t\t<div class=\"themetechmount-box-bottom-content\">\t\n\t\t\t<div class=\"tm-featured-wrapper tm-tm_service-featured-wrapper\"><a href=\"https:\/\/www.mehpaksan.com\/en\/service\/1614-tam-otomatik-cok-hazneli-terazi-paketleme-makina\/\"><img loading=\"lazy\" decoding=\"async\" width=\"768\" height=\"768\" src=\"https:\/\/www.mehpaksan.com\/wp-content\/uploads\/2023\/02\/1614-768x768.jpg\" class=\"attachment-medium_large size-medium_large wp-post-image\" alt=\"\" srcset=\"https:\/\/www.mehpaksan.com\/wp-content\/uploads\/2023\/02\/1614-768x768.jpg 768w, https:\/\/www.mehpaksan.com\/wp-content\/uploads\/2023\/02\/1614-300x300.jpg 300w, https:\/\/www.mehpaksan.com\/wp-content\/uploads\/2023\/02\/1614-1024x1024.jpg 1024w, https:\/\/www.mehpaksan.com\/wp-content\/uploads\/2023\/02\/1614-150x150.jpg 150w, https:\/\/www.mehpaksan.com\/wp-content\/uploads\/2023\/02\/1614.jpg 1080w\" sizes=\"(max-width: 768px) 100vw, 768px\" data-id=\"2619\" \/><\/a><\/div>\t\t\t<div class=\"tm-servicebox-detials\">\n\t\t\t\t<div class=\"tm-box-header\">\n\t\t\t\t\t<div class=\"themetechmount-box-title\"><h4><a href=\"https:\/\/www.mehpaksan.com\/en\/service\/1614-tam-otomatik-cok-hazneli-terazi-paketleme-makina\/\">1614 FULL AUTOMATIC MULTI-HEAD WEIGH SCALE PACKAGING MACHINE<\/a><\/h4><\/div>\t\t\t\t<\/div>\n\t\t\t\t<div class=\"themetechmount-box-desc\">\t\t\t\t\t\n\t\t\t\t\t\t<div class=\"tm-short-desc\">\n\t\t\t\t\t\t\t<p>K 642 CAROUSEL FULLY AUTOMATIC PACKAGING MACHINE Product Information Products to be packaged: Pulses, rice, granulated sugar, grains, salt Package Types: Standing Package, Pillow Package General Features: PLC controlled, touch-sensitive front panel Carousel is driven by servo motor Piston movements are with magnetic sensor Easy carousel container change Easy collar change Right and left adjustments of the packaging are made by reducer motor \u2026 <a href=\"https:\/\/www.mehpaksan.com\/en\/service\/1614-tam-otomatik-cok-hazneli-terazi-paketleme-makina\/\" class=\"more-link\">Continue reading <span class=\"screen-reader-text\">1614 FULL AUTOMATIC MULTI-HEAD WEIGH SCALE PACKAGING MACHINE<\/span><\/a><\/p>\n\t\t\t\t\t\t<\/div>\t\t\t\n\t\t\t\t<\/div> \n\t\t\t<\/div>\n\t\t<\/div>\n\t<\/div>\n<\/article><\/div><div class=\"tm-box-col-wrapper  urunler col-lg-4 col-sm-6 col-md-4 col-xs-12\"><article class=\"themetechmount-box themetechmount-box-service themetechmount-servicebox-stylefour\">\n\t<div class=\"themetechmount-post-item\">\n\t\t<div class=\"themetechmount-box-bottom-content\">\t\n\t\t\t<div class=\"tm-featured-wrapper tm-tm_service-featured-wrapper\"><a href=\"https:\/\/www.mehpaksan.com\/en\/service\/1650-tam-otomatik-vidali-paketleme-makinasi\/\"><img loading=\"lazy\" decoding=\"async\" width=\"768\" height=\"768\" src=\"https:\/\/www.mehpaksan.com\/wp-content\/uploads\/2021\/03\/1650-768x768.jpg\" class=\"attachment-medium_large size-medium_large wp-post-image\" alt=\"\" srcset=\"https:\/\/www.mehpaksan.com\/wp-content\/uploads\/2021\/03\/1650-768x768.jpg 768w, https:\/\/www.mehpaksan.com\/wp-content\/uploads\/2021\/03\/1650-300x300.jpg 300w, https:\/\/www.mehpaksan.com\/wp-content\/uploads\/2021\/03\/1650-1024x1024.jpg 1024w, https:\/\/www.mehpaksan.com\/wp-content\/uploads\/2021\/03\/1650-150x150.jpg 150w, https:\/\/www.mehpaksan.com\/wp-content\/uploads\/2021\/03\/1650.jpg 1080w\" sizes=\"(max-width: 768px) 100vw, 768px\" data-id=\"2612\" \/><\/a><\/div>\t\t\t<div class=\"tm-servicebox-detials\">\n\t\t\t\t<div class=\"tm-box-header\">\n\t\t\t\t\t<div class=\"themetechmount-box-title\"><h4><a href=\"https:\/\/www.mehpaksan.com\/en\/service\/1650-tam-otomatik-vidali-paketleme-makinasi\/\">1650 FULL AUTOMATIC VERTICAL PACKAGING MACHINE WITH AUGER DOSING SYSTEM<\/a><\/h4><\/div>\t\t\t\t<\/div>\n\t\t\t\t<div class=\"themetechmount-box-desc\">\t\t\t\t\t\n\t\t\t\t\t\t<div class=\"tm-short-desc\">\n\t\t\t\t\t\t\t<p>1650 FULLY AUTOMATIC SCREW PACKAGING MACHINE Product Information Products to be packaged: Spices, Coffee, Milk powder, Powdered products Package Types: Pillow Package, Gusseted Package FEATURES: Screw automatic filling system Serial packaging between 20- 3000 grams PLC controlled, touch-sensitive front panel Right and left adjustments of the packaging are made by a reducer motor Surfaces in contact with the product Stainless ANSI 304-CR-NI stainless steel \u2026 <a href=\"https:\/\/www.mehpaksan.com\/en\/service\/1650-tam-otomatik-vidali-paketleme-makinasi\/\" class=\"more-link\">Continue reading <span class=\"screen-reader-text\">1650 FULL AUTOMATIC VERTICAL PACKAGING MACHINE WITH AUGER DOSING SYSTEM<\/span><\/a><\/p>\n\t\t\t\t\t\t<\/div>\t\t\t\n\t\t\t\t<\/div> \n\t\t\t<\/div>\n\t\t<\/div>\n\t<\/div>\n<\/article><\/div><div class=\"tm-box-col-wrapper  urunler col-lg-4 col-sm-6 col-md-4 col-xs-12\"><article class=\"themetechmount-box themetechmount-box-service themetechmount-servicebox-stylefour\">\n\t<div class=\"themetechmount-post-item\">\n\t\t<div class=\"themetechmount-box-bottom-content\">\t\n\t\t\t<div class=\"tm-featured-wrapper tm-tm_service-featured-wrapper\"><a href=\"https:\/\/www.mehpaksan.com\/en\/service\/1622-tam-otomatik-tek-uniteli-volumetrik-paketleme-makinasi\/\"><img loading=\"lazy\" decoding=\"async\" width=\"768\" height=\"768\" src=\"https:\/\/www.mehpaksan.com\/wp-content\/uploads\/2024\/11\/55555-768x768.jpg\" class=\"attachment-medium_large size-medium_large wp-post-image\" alt=\"\" srcset=\"https:\/\/www.mehpaksan.com\/wp-content\/uploads\/2024\/11\/55555-768x768.jpg 768w, https:\/\/www.mehpaksan.com\/wp-content\/uploads\/2024\/11\/55555-300x300.jpg 300w, https:\/\/www.mehpaksan.com\/wp-content\/uploads\/2024\/11\/55555-1024x1024.jpg 1024w, https:\/\/www.mehpaksan.com\/wp-content\/uploads\/2024\/11\/55555-150x150.jpg 150w, https:\/\/www.mehpaksan.com\/wp-content\/uploads\/2024\/11\/55555.jpg 1080w\" sizes=\"(max-width: 768px) 100vw, 768px\" data-id=\"2663\" \/><\/a><\/div>\t\t\t<div class=\"tm-servicebox-detials\">\n\t\t\t\t<div class=\"tm-box-header\">\n\t\t\t\t\t<div class=\"themetechmount-box-title\"><h4><a href=\"https:\/\/www.mehpaksan.com\/en\/service\/1622-tam-otomatik-tek-uniteli-volumetrik-paketleme-makinasi\/\">1622 FULLY AUTOMATIC SINGLE UNIT VOLUMETRIC PACKAGING MACHINE<\/a><\/h4><\/div>\t\t\t\t<\/div>\n\t\t\t\t<div class=\"themetechmount-box-desc\">\t\t\t\t\t\n\t\t\t\t\t\t<div class=\"tm-short-desc\">\n\t\t\t\t\t\t\t<p>1622 FULLY AUTOMATIC SINGLE UNIT VOLUMETRIC PACKAGING MACHINE Product Information Products to be packaged: Pulses, Chips, Cereal, Granulated Sugar, Salt Package Types: Pillow Package, Gusseted Package, Quadro Package General Features: Volumetric (volumetric) weighing system Weight accuracy depends on the piece size of the products to be filled 200-2000 grams filling capacity PLC controlled, touch-sensitive front panel Right and left adjustments of the packaging are made by reducer \u2026 <a href=\"https:\/\/www.mehpaksan.com\/en\/service\/1622-tam-otomatik-tek-uniteli-volumetrik-paketleme-makinasi\/\" class=\"more-link\">Continue reading <span class=\"screen-reader-text\">1622 FULLY AUTOMATIC SINGLE UNIT VOLUMETRIC PACKAGING MACHINE<\/span><\/a><\/p>\n\t\t\t\t\t\t<\/div>\t\t\t\n\t\t\t\t<\/div> \n\t\t\t<\/div>\n\t\t<\/div>\n\t<\/div>\n<\/article><\/div><div class=\"tm-box-col-wrapper  urunler col-lg-4 col-sm-6 col-md-4 col-xs-12\"><article class=\"themetechmount-box themetechmount-box-service themetechmount-servicebox-stylefour\">\n\t<div class=\"themetechmount-post-item\">\n\t\t<div class=\"themetechmount-box-bottom-content\">\t\n\t\t\t<div class=\"tm-featured-wrapper tm-tm_service-featured-wrapper\"><a href=\"https:\/\/www.mehpaksan.com\/en\/service\/2022-tam-otomatik-balya-paketleme-makinasi\/\"><img loading=\"lazy\" decoding=\"async\" width=\"768\" height=\"768\" src=\"https:\/\/www.mehpaksan.com\/wp-content\/uploads\/2021\/02\/2022-768x768.jpg\" class=\"attachment-medium_large size-medium_large wp-post-image\" alt=\"\" srcset=\"https:\/\/www.mehpaksan.com\/wp-content\/uploads\/2021\/02\/2022-768x768.jpg 768w, https:\/\/www.mehpaksan.com\/wp-content\/uploads\/2021\/02\/2022-300x300.jpg 300w, https:\/\/www.mehpaksan.com\/wp-content\/uploads\/2021\/02\/2022-1024x1024.jpg 1024w, https:\/\/www.mehpaksan.com\/wp-content\/uploads\/2021\/02\/2022-150x150.jpg 150w, https:\/\/www.mehpaksan.com\/wp-content\/uploads\/2021\/02\/2022.jpg 1080w\" sizes=\"(max-width: 768px) 100vw, 768px\" data-id=\"2623\" \/><\/a><\/div>\t\t\t<div class=\"tm-servicebox-detials\">\n\t\t\t\t<div class=\"tm-box-header\">\n\t\t\t\t\t<div class=\"themetechmount-box-title\"><h4><a href=\"https:\/\/www.mehpaksan.com\/en\/service\/2022-tam-otomatik-balya-paketleme-makinasi\/\">2022 AUTOMATIC PACKAGE BALING MACHINE<\/a><\/h4><\/div>\t\t\t\t<\/div>\n\t\t\t\t<div class=\"themetechmount-box-desc\">\t\t\t\t\t\n\t\t\t\t\t\t<div class=\"tm-short-desc\">\n\t\t\t\t\t\t\t<p>2022 FULLY AUTOMATIC BALE PACKAGING MACHINE.<\/p>\n\t\t\t\t\t\t<\/div>\t\t\t\n\t\t\t\t<\/div> \n\t\t\t<\/div>\n\t\t<\/div>\n\t<\/div>\n<\/article><\/div><div class=\"tm-box-col-wrapper  urunler col-lg-4 col-sm-6 col-md-4 col-xs-12\"><article class=\"themetechmount-box themetechmount-box-service themetechmount-servicebox-stylefour\">\n\t<div class=\"themetechmount-post-item\">\n\t\t<div class=\"themetechmount-box-bottom-content\">\t\n\t\t\t<div class=\"tm-featured-wrapper tm-tm_service-featured-wrapper\"><a href=\"https:\/\/www.mehpaksan.com\/en\/service\/shrink-makina\/\"><img loading=\"lazy\" decoding=\"async\" width=\"768\" height=\"768\" src=\"https:\/\/www.mehpaksan.com\/wp-content\/uploads\/2024\/11\/srink-768x768.jpg\" class=\"attachment-medium_large size-medium_large wp-post-image\" alt=\"\" srcset=\"https:\/\/www.mehpaksan.com\/wp-content\/uploads\/2024\/11\/srink-768x768.jpg 768w, https:\/\/www.mehpaksan.com\/wp-content\/uploads\/2024\/11\/srink-300x300.jpg 300w, https:\/\/www.mehpaksan.com\/wp-content\/uploads\/2024\/11\/srink-1024x1024.jpg 1024w, https:\/\/www.mehpaksan.com\/wp-content\/uploads\/2024\/11\/srink-150x150.jpg 150w, https:\/\/www.mehpaksan.com\/wp-content\/uploads\/2024\/11\/srink.jpg 1080w\" sizes=\"(max-width: 768px) 100vw, 768px\" data-id=\"2608\" \/><\/a><\/div>\t\t\t<div class=\"tm-servicebox-detials\">\n\t\t\t\t<div class=\"tm-box-header\">\n\t\t\t\t\t<div class=\"themetechmount-box-title\"><h4><a href=\"https:\/\/www.mehpaksan.com\/en\/service\/shrink-makina\/\">1610 FRONT FEED AUTOMATIC SHRINK WRAPPING MACHINE<\/a><\/h4><\/div>\t\t\t\t<\/div>\n\t\t\t\t<div class=\"themetechmount-box-desc\">\t\t\t\t\t\n\t\t\t\t\t\t<div class=\"tm-short-desc\">\n\t\t\t\t\t\t\t<p>1610 FRONT FEEDING SHRINK MACHINE Product Information General Features: The products are arranged in the desired amount, wrapped with nylon and pushed into the heat tunnel. After being vacuumed and cooled inside, they are ready for shipment in bales. The machine consists of two main sections: 1- Pre-gluing and cutting jaw 2- Heat tunnel and cooling fan Tunnel temperature is measured with a sensitive heat indicator with a thermocouple tip \u2026 <a href=\"https:\/\/www.mehpaksan.com\/en\/service\/shrink-makina\/\" class=\"more-link\">Continue reading <span class=\"screen-reader-text\">1610 FRONT FEED AUTOMATIC SHRINK WRAPPING MACHINE<\/span><\/a><\/p>\n\t\t\t\t\t\t<\/div>\t\t\t\n\t\t\t\t<\/div> \n\t\t\t<\/div>\n\t\t<\/div>\n\t<\/div>\n<\/article><\/div><div class=\"tm-box-col-wrapper  urunler col-lg-4 col-sm-6 col-md-4 col-xs-12\"><article class=\"themetechmount-box themetechmount-box-service themetechmount-servicebox-stylefour\">\n\t<div class=\"themetechmount-post-item\">\n\t\t<div class=\"themetechmount-box-bottom-content\">\t\n\t\t\t<div class=\"tm-featured-wrapper tm-tm_service-featured-wrapper\"><a href=\"https:\/\/www.mehpaksan.com\/en\/service\/makine-yedek-parcalari\/\"><img loading=\"lazy\" decoding=\"async\" width=\"768\" height=\"768\" src=\"https:\/\/www.mehpaksan.com\/wp-content\/uploads\/2023\/03\/k642-768x768.jpg\" class=\"attachment-medium_large size-medium_large wp-post-image\" alt=\"\" srcset=\"https:\/\/www.mehpaksan.com\/wp-content\/uploads\/2023\/03\/k642-768x768.jpg 768w, https:\/\/www.mehpaksan.com\/wp-content\/uploads\/2023\/03\/k642-300x300.jpg 300w, https:\/\/www.mehpaksan.com\/wp-content\/uploads\/2023\/03\/k642-1024x1024.jpg 1024w, https:\/\/www.mehpaksan.com\/wp-content\/uploads\/2023\/03\/k642-150x150.jpg 150w, https:\/\/www.mehpaksan.com\/wp-content\/uploads\/2023\/03\/k642.jpg 1080w\" sizes=\"(max-width: 768px) 100vw, 768px\" data-id=\"2628\" \/><\/a><\/div>\t\t\t<div class=\"tm-servicebox-detials\">\n\t\t\t\t<div class=\"tm-box-header\">\n\t\t\t\t\t<div class=\"themetechmount-box-title\"><h4><a href=\"https:\/\/www.mehpaksan.com\/en\/service\/makine-yedek-parcalari\/\">MACHINE SPARE PARTS<\/a><\/h4><\/div>\t\t\t\t<\/div>\n\t\t\t\t<div class=\"themetechmount-box-desc\">\t\t\t\t\t\n\t\t\t\t\t\t<div class=\"tm-short-desc\">\n\t\t\t\t\t\t\t<p>MACHINE SPARE PARTS OUTPUT BELT HOUSING SCREW CONVEYOR CARRYING BELT TIMING BELT KNIFE<\/p>\n\t\t\t\t\t\t<\/div>\t\t\t\n\t\t\t\t<\/div> \n\t\t\t<\/div>\n\t\t<\/div>\n\t<\/div>\n<\/article><\/div>\n\t\t\t<\/div>\n\n\t\t\t<\/div><!-- .themetechmount-boxes-inner -->   <\/div><!-- .themetechmount-boxes -->  \t\t<\/div>\n\t\t\t\t<\/div>\n\t\t\t\t\t<\/div>\n\t\t<\/div>\n\t\t\t\t\t\t\t<\/div>\n\t\t<\/section>\n\t\t\t\t\t\t\t<\/div>","protected":false},"excerpt":{"rendered":"<p>1610 \u00d6NDEN BESLEMEL\u0130 \u015e\u0130R\u0130NK MAK\u0130NA 1610 \u00d6NDEN BESLEMEL\u0130 \u015e\u0130R\u0130NK MAK\u0130NA \u00dcr\u00fcn Bilgileri Genel \u00d6zellikler: \u00dcr\u00fcnler arzu edilen miktarda dizilerek naylon ile sar\u0131l\u0131p, \u0131s\u0131 t\u00fcneline itilir. \u0130\u00e7eride vakumlan\u0131p so\u011futulduktan sonra balya halinde sevkiyata haz\u0131r hale gelir. Makine iki ana b\u00f6l\u00fcmden olu\u015fur: 1- \u00d6n yap\u0131\u015ft\u0131rma ve kesme \u00e7enesi 2- Is\u0131 t\u00fcneli ve so\u011futma fan\u0131 T\u00fcnel \u0131s\u0131s\u0131 termokupul &hellip; <a href=\"https:\/\/www.mehpaksan.com\/en\/service\/makine-yedek-parcalari\/\" class=\"more-link\">Continue reading <span class=\"screen-reader-text\">MACHINE SPARE PARTS<\/span><\/a><\/p>","protected":false},"author":1,"featured_media":0,"parent":0,"menu_order":0,"comment_status":"closed","ping_status":"closed","template":"","meta":{"inline_featured_image":false,"footnotes":""},"class_list":["post-1037","page","type-page","status-publish","hentry"],"_links":{"self":[{"href":"https:\/\/www.mehpaksan.com\/en\/wp-json\/wp\/v2\/pages\/1037"}],"collection":[{"href":"https:\/\/www.mehpaksan.com\/en\/wp-json\/wp\/v2\/pages"}],"about":[{"href":"https:\/\/www.mehpaksan.com\/en\/wp-json\/wp\/v2\/types\/page"}],"author":[{"embeddable":true,"href":"https:\/\/www.mehpaksan.com\/en\/wp-json\/wp\/v2\/users\/1"}],"replies":[{"embeddable":true,"href":"https:\/\/www.mehpaksan.com\/en\/wp-json\/wp\/v2\/comments?post=1037"}],"version-history":[{"count":31,"href":"https:\/\/www.mehpaksan.com\/en\/wp-json\/wp\/v2\/pages\/1037\/revisions"}],"predecessor-version":[{"id":2649,"href":"https:\/\/www.mehpaksan.com\/en\/wp-json\/wp\/v2\/pages\/1037\/revisions\/2649"}],"wp:attachment":[{"href":"https:\/\/www.mehpaksan.com\/en\/wp-json\/wp\/v2\/media?parent=1037"}],"curies":[{"name":"wp","href":"https:\/\/api.w.org\/{rel}","templated":true}]}}