{"id":242,"date":"2022-04-27T06:39:57","date_gmt":"2022-04-27T06:39:57","guid":{"rendered":"https:\/\/themetechmount.com\/wordpress\/fablio\/demo4\/?page_id=242"},"modified":"2024-10-29T18:00:46","modified_gmt":"2024-10-29T18:00:46","slug":"about-us-2","status":"publish","type":"page","link":"https:\/\/www.mehpaksan.com\/ar\/about-us-2\/","title":{"rendered":"\u0645\u0639\u0644\u0648\u0645\u0627\u062a \u0639\u0646\u0627"},"content":{"rendered":"<div data-elementor-type=\"wp-page\" data-elementor-id=\"242\" class=\"elementor elementor-242\" data-elementor-settings=\"{&quot;element_pack_global_tooltip_width&quot;:{&quot;unit&quot;:&quot;px&quot;,&quot;size&quot;:&quot;&quot;,&quot;sizes&quot;:[]},&quot;element_pack_global_tooltip_width_tablet&quot;:{&quot;unit&quot;:&quot;px&quot;,&quot;size&quot;:&quot;&quot;,&quot;sizes&quot;:[]},&quot;element_pack_global_tooltip_width_mobile&quot;:{&quot;unit&quot;:&quot;px&quot;,&quot;size&quot;:&quot;&quot;,&quot;sizes&quot;:[]},&quot;element_pack_global_tooltip_padding&quot;:{&quot;unit&quot;:&quot;px&quot;,&quot;top&quot;:&quot;&quot;,&quot;right&quot;:&quot;&quot;,&quot;bottom&quot;:&quot;&quot;,&quot;left&quot;:&quot;&quot;,&quot;isLinked&quot;:true},&quot;element_pack_global_tooltip_padding_tablet&quot;:{&quot;unit&quot;:&quot;px&quot;,&quot;top&quot;:&quot;&quot;,&quot;right&quot;:&quot;&quot;,&quot;bottom&quot;:&quot;&quot;,&quot;left&quot;:&quot;&quot;,&quot;isLinked&quot;:true},&quot;element_pack_global_tooltip_padding_mobile&quot;:{&quot;unit&quot;:&quot;px&quot;,&quot;top&quot;:&quot;&quot;,&quot;right&quot;:&quot;&quot;,&quot;bottom&quot;:&quot;&quot;,&quot;left&quot;:&quot;&quot;,&quot;isLinked&quot;:true},&quot;element_pack_global_tooltip_border_radius&quot;:{&quot;unit&quot;:&quot;px&quot;,&quot;top&quot;:&quot;&quot;,&quot;right&quot;:&quot;&quot;,&quot;bottom&quot;:&quot;&quot;,&quot;left&quot;:&quot;&quot;,&quot;isLinked&quot;:true},&quot;element_pack_global_tooltip_border_radius_tablet&quot;:{&quot;unit&quot;:&quot;px&quot;,&quot;top&quot;:&quot;&quot;,&quot;right&quot;:&quot;&quot;,&quot;bottom&quot;:&quot;&quot;,&quot;left&quot;:&quot;&quot;,&quot;isLinked&quot;:true},&quot;element_pack_global_tooltip_border_radius_mobile&quot;:{&quot;unit&quot;:&quot;px&quot;,&quot;top&quot;:&quot;&quot;,&quot;right&quot;:&quot;&quot;,&quot;bottom&quot;:&quot;&quot;,&quot;left&quot;:&quot;&quot;,&quot;isLinked&quot;:true}}\">\n\t\t\t\t\t\t\t\t\t<section class=\"elementor-section elementor-top-section elementor-element elementor-element-3b45b1a4 tm-column-break-ipad-yes elementor-section-stretched tm-col-stretched-none elementor-section-boxed elementor-section-height-default elementor-section-height-default\" data-id=\"3b45b1a4\" data-element_type=\"section\" data-settings=\"{&quot;stretch_section&quot;:&quot;section-stretched&quot;}\">\n\t\t\t\t\t\t<div class=\"elementor-container elementor-column-gap-default\">\n\t\t\t\t\t<div class=\"elementor-column elementor-col-50 elementor-top-column elementor-element elementor-element-4d65df83\" data-id=\"4d65df83\" data-element_type=\"column\">\n\t\t\t<div class=\"elementor-widget-wrap elementor-element-populated\">\n\t\t\t\t\t\t\t\t<div class=\"elementor-element elementor-element-57598846 elementor-widget elementor-widget-image\" data-id=\"57598846\" data-element_type=\"widget\" data-widget_type=\"image.default\">\n\t\t\t\t<div class=\"elementor-widget-container\">\n\t\t\t<style>\/*! elementor - v3.10.1 - 17-01-2023 *\/\n.elementor-widget-image{text-align:center}.elementor-widget-image a{display:inline-block}.elementor-widget-image a img[src$=\".svg\"]{width:48px}.elementor-widget-image img{vertical-align:middle;display:inline-block}<\/style>\t\t\t\t\t\t\t\t\t\t\t\t<img loading=\"lazy\" decoding=\"async\" width=\"800\" height=\"513\" src=\"https:\/\/www.mehpaksan.com\/wp-content\/uploads\/2024\/10\/logo-3d.jpg\" class=\"attachment-large size-large wp-image-2425\" alt=\"\" srcset=\"https:\/\/www.mehpaksan.com\/wp-content\/uploads\/2024\/10\/logo-3d.jpg 800w, https:\/\/www.mehpaksan.com\/wp-content\/uploads\/2024\/10\/logo-3d-300x192.jpg 300w, https:\/\/www.mehpaksan.com\/wp-content\/uploads\/2024\/10\/logo-3d-768x492.jpg 768w\" sizes=\"(max-width: 800px) 100vw, 800px\" data-id=\"2425\" \/>\t\t\t\t\t\t\t\t\t\t\t\t\t\t\t<\/div>\n\t\t\t\t<\/div>\n\t\t\t\t\t<\/div>\n\t\t<\/div>\n\t\t\t\t<div class=\"elementor-column elementor-col-50 elementor-top-column elementor-element elementor-element-1420d7b8\" data-id=\"1420d7b8\" data-element_type=\"column\">\n\t\t\t<div class=\"elementor-widget-wrap elementor-element-populated\">\n\t\t\t\t\t\t\t\t<div class=\"elementor-element elementor-element-4a85a1b elementor-widget elementor-widget-text-editor\" data-id=\"4a85a1b\" data-element_type=\"widget\" data-widget_type=\"text-editor.default\">\n\t\t\t\t<div class=\"elementor-widget-container\">\n\t\t\t<style>\/*! elementor - v3.10.1 - 17-01-2023 *\/\n.elementor-widget-text-editor.elementor-drop-cap-view-stacked .elementor-drop-cap{background-color:#818a91;color:#fff}.elementor-widget-text-editor.elementor-drop-cap-view-framed .elementor-drop-cap{color:#818a91;border:3px solid;background-color:transparent}.elementor-widget-text-editor:not(.elementor-drop-cap-view-default) .elementor-drop-cap{margin-top:8px}.elementor-widget-text-editor:not(.elementor-drop-cap-view-default) .elementor-drop-cap-letter{width:1em;height:1em}.elementor-widget-text-editor .elementor-drop-cap{float:left;text-align:center;line-height:1;font-size:50px}.elementor-widget-text-editor .elementor-drop-cap-letter{display:inline-block}<\/style>\t\t\t\t<h2>\u0645\u0639\u0644\u0648\u0645\u0627\u062a \u0639\u0646\u0627<\/h2><p><strong>MEHPAKSAN<\/strong>\u0647\u064a \u0634\u0631\u0643\u0629 \u0631\u0627\u0626\u062f\u0629 \u062a\u0642\u062f\u0645 \u062d\u0644\u0648\u0644 \u0627\u0644\u062a\u0639\u0628\u0626\u0629 \u0648\u0627\u0644\u062a\u063a\u0644\u064a\u0641 \u0627\u0644\u0623\u0648\u062a\u0648\u0645\u0627\u062a\u064a\u0643\u064a\u0629 \u0628\u0627\u0644\u0643\u0627\u0645\u0644 \u0644\u0644\u0642\u0637\u0627\u0639\u0627\u062a \u0627\u0644\u063a\u0630\u0627\u0626\u064a\u0629 \u0648\u0627\u0644\u0635\u0646\u0627\u0639\u064a\u0629. \u0645\u0646\u0630 \u064a\u0648\u0645 \u062a\u0623\u0633\u064a\u0633\u0646\u0627\u060c \u0648\u0646\u062d\u0646 \u0646\u0646\u062a\u062c \u0623\u062d\u062f\u062b \u0622\u0644\u0627\u062a \u0627\u0644\u062a\u0639\u0628\u0626\u0629 \u0648\u0627\u0644\u062a\u063a\u0644\u064a\u0641 \u0641\u064a \u0627\u0644\u0635\u0646\u0627\u0639\u0629\u060c \u0645\u0639 \u0627\u0644\u062a\u0631\u0643\u064a\u0632 \u0639\u0644\u0649 \u0627\u0644\u062c\u0648\u062f\u0629 \u0648\u0631\u0636\u0627 \u0627\u0644\u0639\u0645\u0644\u0627\u0621. \u062a\u0634\u062a\u0645\u0644 \u0645\u062d\u0641\u0638\u062a\u0646\u0627 \u0639\u0644\u0649 \u062d\u0644\u0648\u0644 \u062a\u0639\u0628\u0626\u0629 \u0645\u062e\u062a\u0644\u0641\u0629 \u0644\u0645\u062c\u0645\u0648\u0639\u0629 \u0648\u0627\u0633\u0639\u0629 \u0645\u0646 \u0627\u0644\u0645\u0646\u062a\u062c\u0627\u062a \u0645\u062b\u0644 \u0627\u0644\u0628\u0642\u0648\u0644\u064a\u0627\u062a \u0648\u0627\u0644\u0623\u0631\u0632 \u0648\u0627\u0644\u0633\u0643\u0631 \u0648\u0627\u0644\u0628\u0633\u0643\u0648\u064a\u062a \u0648\u0627\u0644\u0634\u0648\u0643\u0648\u0644\u0627\u062a\u0629 \u0648\u0627\u0644\u062a\u0648\u0627\u0628\u0644.<\/p><p>\u062a\u0634\u0645\u0644 \u0645\u0646\u062a\u062c\u0627\u062a\u0646\u0627 \u062d\u0644\u0648\u0644\u0627\u064b \u0645\u0628\u062a\u0643\u0631\u0629 \u0645\u062b\u0644 \u0622\u0644\u0627\u062a \u062a\u0639\u0628\u0626\u0629 \u0627\u0644\u0648\u0632\u0646 \u0627\u0644\u0623\u0648\u062a\u0648\u0645\u0627\u062a\u064a\u0643\u064a\u0629 \u0628\u0627\u0644\u0643\u0627\u0645\u0644 \u0645\u062a\u0639\u062f\u062f\u0629 \u0627\u0644\u063a\u0631\u0641\u060c \u0648\u0623\u0646\u0638\u0645\u0629 \u0627\u0644\u062a\u0639\u0628\u0626\u0629 \u0627\u0644\u062f\u0627\u0626\u0631\u064a\u0629\u060c \u0648\u0622\u0644\u0627\u062a \u0627\u0644\u062a\u0639\u0628\u0626\u0629 \u0627\u0644\u0644\u0648\u0644\u0628\u064a\u0629\u060c \u0648\u0622\u0644\u0627\u062a \u062a\u0639\u0628\u0626\u0629 \u0627\u0644\u0628\u0627\u0644\u0627\u062a. \u0625\u0646 \u0639\u0645\u0644\u064a\u0627\u062a \u0627\u0644\u0625\u0646\u062a\u0627\u062c \u0644\u062f\u064a\u0646\u0627\u060c \u0648\u0627\u0644\u062a\u064a \u062a\u062a\u0645\u064a\u0632 \u0643\u0644 \u0645\u0646\u0647\u0627 \u0628\u0627\u0644\u062a\u062d\u0643\u0645 PLC \u0648\u0627\u0644\u0644\u0648\u062d\u0627\u062a \u0627\u0644\u0623\u0645\u0627\u0645\u064a\u0629 \u0627\u0644\u062a\u064a \u062a\u0639\u0645\u0644 \u0628\u0627\u0644\u0644\u0645\u0633 \u0648\u0627\u0644\u062f\u0642\u0629 \u0627\u0644\u0639\u0627\u0644\u064a\u0629\u060c \u062a\u062c\u0645\u0639 \u0628\u064a\u0646 \u0627\u0644\u0643\u0641\u0627\u0621\u0629 \u0648\u0627\u0644\u0633\u0644\u0627\u0645\u0629. \u0628\u0641\u0636\u0644 \u0627\u0644\u0623\u0633\u0637\u062d \u0627\u0644\u0645\u0635\u0646\u0648\u0639\u0629 \u0645\u0646 \u0627\u0644\u0641\u0648\u0644\u0627\u0630 \u0627\u0644\u0645\u0642\u0627\u0648\u0645 \u0644\u0644\u0635\u062f\u0623\u060c \u0648\u0645\u064a\u0632\u0627\u062a \u0627\u0644\u0625\u064a\u0642\u0627\u0641 \u0627\u0644\u062a\u0644\u0642\u0627\u0626\u064a \u0648\u0623\u0646\u0638\u0645\u0629 \u0627\u0644\u062a\u0639\u0628\u0626\u0629 \u0627\u0644\u0645\u062a\u0642\u062f\u0645\u0629\u060c \u062a\u062a\u0645\u064a\u0632 \u0623\u062c\u0647\u0632\u062a\u0646\u0627 \u0628\u0623\u0646\u0647\u0627 \u0637\u0648\u064a\u0644\u0629 \u0627\u0644\u0623\u0645\u062f \u0648\u0645\u062a\u064a\u0646\u0629 \u0648\u0633\u0647\u0644\u0629 \u0627\u0644\u0627\u0633\u062a\u062e\u062f\u0627\u0645.<\/p><p><strong>MEHPAKSAN<\/strong> \u0643\u0645\u0627 \u0623\u0646\u0646\u0627 \u0645\u0644\u062a\u0632\u0645\u0648\u0646 \u0628\u0623\u0646 \u0646\u0642\u062f\u0645 \u0644\u0639\u0645\u0644\u0627\u0626\u0646\u0627 \u0644\u064a\u0633 \u0641\u0642\u0637 \u0627\u0644\u0622\u0644\u0627\u062a\u060c \u0648\u0644\u0643\u0646 \u0623\u064a\u0636\u064b\u0627 \u0627\u0644\u0623\u062f\u0627\u0621 \u0627\u0644\u0639\u0627\u0644\u064a \u0648\u0627\u0644\u0646\u062a\u0627\u0626\u062c \u0627\u0644\u0645\u0645\u062a\u0627\u0632\u0629. \u0646\u062d\u0646 \u0644\u0627 \u0646\u0632\u0627\u0644 \u0639\u0646\u0648\u0627\u0646 \u0627\u0644\u062b\u0642\u0629 \u0641\u064a \u0647\u0630\u0627 \u0627\u0644\u0642\u0637\u0627\u0639 \u0645\u0646 \u062e\u0644\u0627\u0644 \u0627\u0644\u0631\u0639\u0627\u064a\u0629 \u0627\u0644\u062a\u064a \u0646\u0638\u0647\u0631\u0647\u0627 \u0641\u064a \u0643\u0644 \u0645\u0634\u0631\u0648\u0639 \u0648\u0627\u0644\u062f\u0639\u0645 \u0627\u0644\u0641\u0646\u064a \u0627\u0644\u0630\u064a \u0646\u0642\u062f\u0645\u0647.<\/p>\t\t\t\t\t\t<\/div>\n\t\t\t\t<\/div>\n\t\t\t\t<div class=\"elementor-element elementor-element-7671233 elementor-widget elementor-widget-heading\" data-id=\"7671233\" data-element_type=\"widget\" data-widget_type=\"heading.default\">\n\t\t\t\t<div class=\"elementor-widget-container\">\n\t\t\t<style>\/*! elementor - v3.10.1 - 17-01-2023 *\/\n.elementor-heading-title{padding:0;margin:0;line-height:1}.elementor-widget-heading .elementor-heading-title[class*=elementor-size-]>a{color:inherit;font-size:inherit;line-height:inherit}.elementor-widget-heading .elementor-heading-title.elementor-size-small{font-size:15px}.elementor-widget-heading .elementor-heading-title.elementor-size-medium{font-size:19px}.elementor-widget-heading .elementor-heading-title.elementor-size-large{font-size:29px}.elementor-widget-heading .elementor-heading-title.elementor-size-xl{font-size:39px}.elementor-widget-heading .elementor-heading-title.elementor-size-xxl{font-size:59px}<\/style><h2 class=\"elementor-heading-title elementor-size-default\">MEHPAKSAN MAK. SAN. VE T\u0130C. LTD. \u015eT\u0130.<\/h2>\t\t<\/div>\n\t\t\t\t<\/div>\n\t\t\t\t<div class=\"elementor-element elementor-element-fc9a1e3 elementor-widget elementor-widget-spacer\" data-id=\"fc9a1e3\" data-element_type=\"widget\" data-widget_type=\"spacer.default\">\n\t\t\t\t<div class=\"elementor-widget-container\">\n\t\t\t<style>\/*! elementor - v3.10.1 - 17-01-2023 *\/\n.elementor-column .elementor-spacer-inner{height:var(--spacer-size)}.e-con{--container-widget-width:100%}.e-con-inner>.elementor-widget-spacer,.e-con>.elementor-widget-spacer{width:var(--container-widget-width,var(--spacer-size));--align-self:var(--container-widget-align-self,initial);--flex-shrink:0}.e-con-inner>.elementor-widget-spacer>.elementor-widget-container,.e-con-inner>.elementor-widget-spacer>.elementor-widget-container>.elementor-spacer,.e-con>.elementor-widget-spacer>.elementor-widget-container,.e-con>.elementor-widget-spacer>.elementor-widget-container>.elementor-spacer{height:100%}.e-con-inner>.elementor-widget-spacer>.elementor-widget-container>.elementor-spacer>.elementor-spacer-inner,.e-con>.elementor-widget-spacer>.elementor-widget-container>.elementor-spacer>.elementor-spacer-inner{height:var(--container-widget-height,var(--spacer-size))}<\/style>\t\t<div class=\"elementor-spacer\">\n\t\t\t<div class=\"elementor-spacer-inner\"><\/div>\n\t\t<\/div>\n\t\t\t\t<\/div>\n\t\t\t\t<\/div>\n\t\t\t\t\t<\/div>\n\t\t<\/div>\n\t\t\t\t\t\t\t<\/div>\n\t\t<\/section>\n\t\t\t\t\t\t\t<\/div>","protected":false},"excerpt":{"rendered":"<p>HAKKIMIZDA MEHPAKSAN, g\u0131da ve end\u00fcstriyel sekt\u00f6rlere y\u00f6nelik tam otomatik paketleme \u00e7\u00f6z\u00fcmleri sunan \u00f6nc\u00fc bir firmad\u0131r. Kuruldu\u011fumuz g\u00fcnden bu yana, kaliteyi ve m\u00fc\u015fteri memnuniyetini merkezine alarak sekt\u00f6rdeki en geli\u015fmi\u015f paketleme makinelerini \u00fcretmekteyiz. Portf\u00f6y\u00fcm\u00fczde bakliyat, pirin\u00e7, \u015feker, bisk\u00fcvi, \u00e7ikolata, baharat gibi geni\u015f bir \u00fcr\u00fcn yelpazesi i\u00e7in farkl\u0131 paketleme \u00e7\u00f6z\u00fcmleri bulunmaktad\u0131r. \u00dcr\u00fcnlerimiz aras\u0131nda tam otomatik \u00e7ok hazneli terazili &hellip; <a href=\"https:\/\/www.mehpaksan.com\/ar\/about-us-2\/\" class=\"more-link\">Continue reading <span class=\"screen-reader-text\">\u0645\u0639\u0644\u0648\u0645\u0627\u062a \u0639\u0646\u0627<\/span><\/a><\/p>","protected":false},"author":1,"featured_media":0,"parent":0,"menu_order":0,"comment_status":"closed","ping_status":"closed","template":"","meta":{"inline_featured_image":false,"footnotes":""},"class_list":["post-242","page","type-page","status-publish","hentry"],"_links":{"self":[{"href":"https:\/\/www.mehpaksan.com\/ar\/wp-json\/wp\/v2\/pages\/242"}],"collection":[{"href":"https:\/\/www.mehpaksan.com\/ar\/wp-json\/wp\/v2\/pages"}],"about":[{"href":"https:\/\/www.mehpaksan.com\/ar\/wp-json\/wp\/v2\/types\/page"}],"author":[{"embeddable":true,"href":"https:\/\/www.mehpaksan.com\/ar\/wp-json\/wp\/v2\/users\/1"}],"replies":[{"embeddable":true,"href":"https:\/\/www.mehpaksan.com\/ar\/wp-json\/wp\/v2\/comments?post=242"}],"version-history":[{"count":51,"href":"https:\/\/www.mehpaksan.com\/ar\/wp-json\/wp\/v2\/pages\/242\/revisions"}],"predecessor-version":[{"id":2428,"href":"https:\/\/www.mehpaksan.com\/ar\/wp-json\/wp\/v2\/pages\/242\/revisions\/2428"}],"wp:attachment":[{"href":"https:\/\/www.mehpaksan.com\/ar\/wp-json\/wp\/v2\/media?parent=242"}],"curies":[{"name":"wp","href":"https:\/\/api.w.org\/{rel}","templated":true}]}}